{"id":33,"date":"2022-05-18T15:05:12","date_gmt":"2022-05-18T13:05:12","guid":{"rendered":"https:\/\/promethee-partners.com\/?page_id=33"},"modified":"2023-04-11T17:06:24","modified_gmt":"2023-04-11T15:06:24","slug":"sources","status":"publish","type":"page","link":"https:\/\/promethee-partners.com\/index.php\/nos-services\/sources\/","title":{"rendered":"Sources"},"content":{"rendered":"\n<h2 class=\"wp-block-heading\">Des articles&nbsp;:<\/h2>\n\n\n\n<p>Comment organiser le t\u00e9l\u00e9travail&nbsp;? (l\u2019ANI du 24 novembre 2020&nbsp;) <a href=\"https:\/\/www.linkedin.com\/pulse\/comment-organiser-le-t%25C3%25A9l%25C3%25A9travail-projet-dani-du-24-novembre-boyer\/\">https:\/\/www.linkedin.com\/pulse\/comment-organiser-le-t%C3%A9l%C3%A9travail-projet-dani-du-24-novembre-boyer\/<\/a><\/p>\n\n\n\n<p>Est-ce la fin des avantages acquis&nbsp;?<br><a href=\"https:\/\/www.linkedin.com\/pulse\/est-ce-la-fin-des-avantages-acquis-isabelle-boyer\/\">https:\/\/www.linkedin.com\/pulse\/est-ce-la-fin-des-avantages-acquis-isabelle-boyer\/<\/a><\/p>\n\n\n\n<h2 class=\"wp-block-heading\">Des ouvrages recommand\u00e9s&nbsp;:<\/h2>\n\n\n\n<p>Comprendre les risques ressources humaines: v\u00e9ritable enjeu et cr\u00e9ation de valeur pour l&rsquo;entreprise Livre d&rsquo;Abdel Bencheikh et Nicolas Dufour&nbsp;Collection Agir face aux risques Gereso, novembre 2022 (3em \u00e9dition)<\/p>\n\n\n\n<p>Pr\u00e9vention des risques psychosociaux et accidents du travail Nicolas Dufour, Caroline Diard, Abdel Bencheikh , Maxima, mai 2021<\/p>\n\n\n\n<hr class=\"wp-block-separator has-alpha-channel-opacity\"\/>\n\n\n\n<h2 class=\"wp-block-heading\">Autres th\u00e9matiques :<\/h2>\n\n\n\n<ul>\n<li><a href=\"https:\/\/promethee-partners.com\/index.php\/nos-services\/gestion-de-projets-en-ressources-humaines\/\" data-type=\"page\" data-id=\"25\">La gestion de projets<\/a><\/li>\n\n\n\n<li><a href=\"https:\/\/promethee-partners.com\/index.php\/nos-services\/sante-et-qualite-de-vie-au-travail\/\" data-type=\"page\" data-id=\"27\">Sant\u00e9 et qualit\u00e9 de vie au travail<\/a><\/li>\n\n\n\n<li><a href=\"https:\/\/promethee-partners.com\/index.php\/nos-services\/responsabilite-societale-des-entreprises\/\" data-type=\"page\" data-id=\"29\">Les responsabilit\u00e9s soci\u00e9tales des entreprises<\/a><\/li>\n\n\n\n<li><a href=\"https:\/\/promethee-partners.com\/index.php\/nos-services\/drh-de-transition-temps-partage\/\" data-type=\"page\" data-id=\"31\">DRH de transition &#8211; Temps partag\u00e9<\/a><\/li>\n<\/ul>\n","protected":false},"excerpt":{"rendered":"<p>Des articles&nbsp;: Comment organiser le t\u00e9l\u00e9travail&nbsp;? (l\u2019ANI du 24 novembre 2020&nbsp;) https:\/\/www.linkedin.com\/pulse\/comment-organiser-le-t%C3%A9l%C3%A9travail-projet-dani-du-24-novembre-boyer\/ Est-ce la fin des avantages acquis&nbsp;?https:\/\/www.linkedin.com\/pulse\/est-ce-la-fin-des-avantages-acquis-isabelle-boyer\/ Des ouvrages recommand\u00e9s&nbsp;: Comprendre les risques ressources humaines: v\u00e9ritable enjeu et cr\u00e9ation de valeur pour l&rsquo;entreprise Livre d&rsquo;Abdel Bencheikh et Nicolas Dufour&nbsp;Collection Agir face aux risques Gereso, novembre 2022 (3em \u00e9dition) Pr\u00e9vention des risques psychosociaux et accidents &hellip; <a href=\"https:\/\/promethee-partners.com\/index.php\/nos-services\/sources\/\" class=\"more-link\">Continuer la lecture<span class=\"screen-reader-text\"> de &laquo;&nbsp;Sources&nbsp;&raquo;<\/span><\/a><\/p>\n","protected":false},"author":1,"featured_media":0,"parent":12,"menu_order":5,"comment_status":"closed","ping_status":"closed","template":"","meta":{"footnotes":""},"_links":{"self":[{"href":"https:\/\/promethee-partners.com\/index.php\/wp-json\/wp\/v2\/pages\/33"}],"collection":[{"href":"https:\/\/promethee-partners.com\/index.php\/wp-json\/wp\/v2\/pages"}],"about":[{"href":"https:\/\/promethee-partners.com\/index.php\/wp-json\/wp\/v2\/types\/page"}],"author":[{"embeddable":true,"href":"https:\/\/promethee-partners.com\/index.php\/wp-json\/wp\/v2\/users\/1"}],"replies":[{"embeddable":true,"href":"https:\/\/promethee-partners.com\/index.php\/wp-json\/wp\/v2\/comments?post=33"}],"version-history":[{"count":4,"href":"https:\/\/promethee-partners.com\/index.php\/wp-json\/wp\/v2\/pages\/33\/revisions"}],"predecessor-version":[{"id":204,"href":"https:\/\/promethee-partners.com\/index.php\/wp-json\/wp\/v2\/pages\/33\/revisions\/204"}],"up":[{"embeddable":true,"href":"https:\/\/promethee-partners.com\/index.php\/wp-json\/wp\/v2\/pages\/12"}],"wp:attachment":[{"href":"https:\/\/promethee-partners.com\/index.php\/wp-json\/wp\/v2\/media?parent=33"}],"curies":[{"name":"wp","href":"https:\/\/api.w.org\/{rel}","templated":true}]}}