{"id":29,"date":"2022-05-18T15:04:32","date_gmt":"2022-05-18T13:04:32","guid":{"rendered":"https:\/\/promethee-partners.com\/?page_id=29"},"modified":"2023-03-27T09:02:43","modified_gmt":"2023-03-27T07:02:43","slug":"responsabilite-societale-des-entreprises","status":"publish","type":"page","link":"https:\/\/promethee-partners.com\/index.php\/nos-services\/responsabilite-societale-des-entreprises\/","title":{"rendered":"Responsabilit\u00e9 soci\u00e9tale des entreprises"},"content":{"rendered":"\n<p>L\u2019\u00e9valuation des risques, dans la gestion des Ressources Humaines est une sp\u00e9cialit\u00e9 de Prometh\u00e9e Partners.<\/p>\n\n\n\n<p>Les entreprises et les organisations (association ou organisation non gouvernementale) sont attendues sur leur responsabilit\u00e9 soci\u00e9tale :<\/p>\n\n\n\n<ul>\n<li>Obligation de l\u2019employeur pour garantir la s\u00e9curit\u00e9 de ses collaborateurs ;<\/li>\n\n\n\n<li>Responsabilit\u00e9 \u00e0 l\u2019\u00e9gard de l\u2019\u00e9quilibre vie priv\u00e9e \u2013 vie professionnelle ;<\/li>\n\n\n\n<li>Devoir de pr\u00e9vention et engagement d\u2019actions de lutte contre les risques psycho-sociaux (RPS).<\/li>\n<\/ul>\n\n\n\n<hr class=\"wp-block-separator has-alpha-channel-opacity\"\/>\n\n\n\n<p>Dans ce cadre, nous proposons une d\u00e9marche simple, dont le rythme et dont les modalit\u00e9s, vont s\u2019adapter \u00e0 votre organisation :<\/p>\n\n\n\n<ul>\n<li>Evaluation des risques : diagnostic et identification, cartographie, \u00e9laboration d\u2019une matrice des risques ;<\/li>\n\n\n\n<li>Proposition de Plans d\u2019actions et mesures correctives\u00a0;<\/li>\n\n\n\n<li>Mise en place d\u2019indicateurs sp\u00e9cifiques de mesure, reporting et outils de suivi<\/li>\n<\/ul>\n\n\n\n<p>L\u2019\u00e9valuation et le reporting sont les premiers outils d\u2019un plan de pilotage et de pr\u00e9vention pour cr\u00e9er les conditions d\u2019une structure robuste et durable.<\/p>\n\n\n\n<hr class=\"wp-block-separator has-alpha-channel-opacity\"\/>\n\n\n\n<h2 class=\"wp-block-heading\">Autres th\u00e9matiques :<\/h2>\n\n\n\n<ul>\n<li><a href=\"https:\/\/promethee-partners.com\/index.php\/nos-services\/gestion-de-projets-en-ressources-humaines\/\" data-type=\"page\" data-id=\"25\">La gestion de projets<\/a><\/li>\n\n\n\n<li><a href=\"https:\/\/promethee-partners.com\/index.php\/nos-services\/sante-et-qualite-de-vie-au-travail\/\" data-type=\"page\" data-id=\"27\">Sant\u00e9 et qualit\u00e9 de vie au travail<\/a><\/li>\n\n\n\n<li><a href=\"https:\/\/promethee-partners.com\/index.php\/nos-services\/responsabilite-societale-des-entreprises\/\" data-type=\"page\" data-id=\"29\">Les responsabilit\u00e9s soci\u00e9tales des entreprises<\/a><\/li>\n\n\n\n<li><a href=\"https:\/\/promethee-partners.com\/index.php\/nos-services\/drh-de-transition-temps-partage\/\" data-type=\"page\" data-id=\"31\">DRH de transition &#8211; Temps partag\u00e9<\/a><\/li>\n<\/ul>\n","protected":false},"excerpt":{"rendered":"<p>L\u2019\u00e9valuation des risques, dans la gestion des Ressources Humaines est une sp\u00e9cialit\u00e9 de Prometh\u00e9e Partners. Les entreprises et les organisations (association ou organisation non gouvernementale) sont attendues sur leur responsabilit\u00e9 soci\u00e9tale : Dans ce cadre, nous proposons une d\u00e9marche simple, dont le rythme et dont les modalit\u00e9s, vont s\u2019adapter \u00e0 votre organisation : L\u2019\u00e9valuation et &hellip; <a href=\"https:\/\/promethee-partners.com\/index.php\/nos-services\/responsabilite-societale-des-entreprises\/\" class=\"more-link\">Continuer la lecture<span class=\"screen-reader-text\"> de &laquo;&nbsp;Responsabilit\u00e9 soci\u00e9tale des entreprises&nbsp;&raquo;<\/span><\/a><\/p>\n","protected":false},"author":1,"featured_media":0,"parent":12,"menu_order":3,"comment_status":"closed","ping_status":"closed","template":"","meta":{"footnotes":""},"_links":{"self":[{"href":"https:\/\/promethee-partners.com\/index.php\/wp-json\/wp\/v2\/pages\/29"}],"collection":[{"href":"https:\/\/promethee-partners.com\/index.php\/wp-json\/wp\/v2\/pages"}],"about":[{"href":"https:\/\/promethee-partners.com\/index.php\/wp-json\/wp\/v2\/types\/page"}],"author":[{"embeddable":true,"href":"https:\/\/promethee-partners.com\/index.php\/wp-json\/wp\/v2\/users\/1"}],"replies":[{"embeddable":true,"href":"https:\/\/promethee-partners.com\/index.php\/wp-json\/wp\/v2\/comments?post=29"}],"version-history":[{"count":3,"href":"https:\/\/promethee-partners.com\/index.php\/wp-json\/wp\/v2\/pages\/29\/revisions"}],"predecessor-version":[{"id":146,"href":"https:\/\/promethee-partners.com\/index.php\/wp-json\/wp\/v2\/pages\/29\/revisions\/146"}],"up":[{"embeddable":true,"href":"https:\/\/promethee-partners.com\/index.php\/wp-json\/wp\/v2\/pages\/12"}],"wp:attachment":[{"href":"https:\/\/promethee-partners.com\/index.php\/wp-json\/wp\/v2\/media?parent=29"}],"curies":[{"name":"wp","href":"https:\/\/api.w.org\/{rel}","templated":true}]}}