{"id":23,"date":"2022-05-18T15:02:49","date_gmt":"2022-05-18T13:02:49","guid":{"rendered":"https:\/\/promethee-partners.com\/?page_id=23"},"modified":"2023-04-11T17:00:07","modified_gmt":"2023-04-11T15:00:07","slug":"gouvernance-et-prevention-des-risques-ressources-humaines","status":"publish","type":"page","link":"https:\/\/promethee-partners.com\/index.php\/nos-services\/gouvernance-et-prevention-des-risques-ressources-humaines\/","title":{"rendered":"Gouvernance et gestion des risques Ressources Humaines"},"content":{"rendered":"\n<p>C\u2019est le c\u0153ur de l\u2019expertise du cabinet. Sp\u00e9cialis\u00e9 dans le droit social, direction de transition, relations sociales, et management du changement, Prometh\u00e9e Partners accompagne les dirigeants du secteur de l\u2019Economie Sociale et M\u00e9dico-Sociale, dans la gestion des risques Ressources Humaines.<\/p>\n\n\n\n<p>Notre mission est d\u2019identifier les risques li\u00e9s aux Ressources Humaines, pour assister les managers, proposer les mesures de nature \u00e0 \u00e9viter les incidents et l\u2019attention m\u00e9diatique, sur les dossiers sensibles.<\/p>\n\n\n\n<h2 class=\"wp-block-heading\">Des exemples de risques RH<\/h2>\n\n\n<div class=\"wp-block-image\">\n<figure class=\"aligncenter size-large\"><img loading=\"lazy\" decoding=\"async\" width=\"1024\" height=\"437\" src=\"https:\/\/promethee-partners.com\/wp-content\/uploads\/2023\/04\/exemples-risques-rh-1024x437.png\" alt=\"\" class=\"wp-image-196\" srcset=\"https:\/\/promethee-partners.com\/wp-content\/uploads\/2023\/04\/exemples-risques-rh-1024x437.png 1024w, https:\/\/promethee-partners.com\/wp-content\/uploads\/2023\/04\/exemples-risques-rh-300x128.png 300w, https:\/\/promethee-partners.com\/wp-content\/uploads\/2023\/04\/exemples-risques-rh-768x328.png 768w, https:\/\/promethee-partners.com\/wp-content\/uploads\/2023\/04\/exemples-risques-rh-1536x656.png 1536w, https:\/\/promethee-partners.com\/wp-content\/uploads\/2023\/04\/exemples-risques-rh-1200x512.png 1200w, https:\/\/promethee-partners.com\/wp-content\/uploads\/2023\/04\/exemples-risques-rh.png 1672w\" sizes=\"(max-width: 709px) 85vw, (max-width: 909px) 67vw, (max-width: 1362px) 62vw, 840px\" \/><\/figure><\/div>\n\n\n<div class=\"wp-block-group is-vertical is-layout-flex wp-container-core-group-layout-1 wp-block-group-is-layout-flex\">\n<ul>\n<li><strong>Risque Financier<\/strong>\u00a0: p\u00e9nalit\u00e9 financi\u00e8re pour absence de formation et non-r\u00e9alisation des entretiens professionnels\u00a0;<\/li>\n\n\n\n<li><strong>Risque Collaborateur<\/strong>\u00a0: p\u00e9nurie de main-d\u2019\u0153uvre, manque de comp\u00e9tences, perte d\u2019homme-cl\u00e9\u00a0;<\/li>\n\n\n\n<li><strong>Risque Sant\u00e9-S\u00e9curit\u00e9<\/strong>\u00a0: absent\u00e9isme et d\u00e9sorganisation de service, QVT, charge mentale\u00a0;<\/li>\n\n\n\n<li><strong>Risque de gestion<\/strong>\u00a0: erreurs de gestion, climat social d\u00e9grad\u00e9, d\u00e9lit d\u2019entrave.<\/li>\n<\/ul>\n\n\n\n<p><\/p>\n\n\n\n<h3 class=\"wp-block-heading\">Pourquoi la gestion du risque RH est importante ?<\/h3>\n\n\n\n<p>La moiti\u00e9 des risques RH sont internes aux institutions et ils ont des cons\u00e9quences directes sur leur organisation, leurs activit\u00e9s et le service rendu aux usagers.<\/p>\n\n\n\n<p>Les diff\u00e9rentes missions r\u00e9alis\u00e9es par le cabinet dans le secteur de l\u2019Economie Sociale et du M\u00e9dico-Social ont permis de mesurer l\u2019impact de cette approche.<\/p>\n\n\n\n<h2 class=\"wp-block-heading\">Illustrations d\u2019impacts :<\/h2>\n\n\n\n<p>Relance du dialogue social sur le temps de travail dans une ONG : apaisement des relations sociales&nbsp;;<\/p>\n\n\n\n<p>D\u00e9ploiement d\u2019une nouvelle approche de la QVT dans une importante association du secteur de l\u2019Enfance&nbsp;;<\/p>\n\n\n\n<p>Restructuration d\u2019une DRH, dans une structure d\u00e9di\u00e9e aux Personnes Ag\u00e9es.<\/p>\n\n\n\n<h2 class=\"wp-block-heading\">Exemple d\u2019une matrice de risques<\/h2>\n\n\n\n<p>(\u00c9tude r\u00e9alis\u00e9e pour une association nationale de 1\u00a0200 salari\u00e9s dans le secteur de la protection de l\u2019enfance) :<\/p>\n\n\n\n<figure class=\"wp-block-image size-large is-resized\"><img loading=\"lazy\" decoding=\"async\" src=\"https:\/\/promethee-partners.com\/wp-content\/uploads\/2023\/04\/impact-1024x945.png\" alt=\"\" class=\"wp-image-192\" width=\"480\" height=\"442\" srcset=\"https:\/\/promethee-partners.com\/wp-content\/uploads\/2023\/04\/impact-1024x945.png 1024w, https:\/\/promethee-partners.com\/wp-content\/uploads\/2023\/04\/impact-300x277.png 300w, https:\/\/promethee-partners.com\/wp-content\/uploads\/2023\/04\/impact-768x709.png 768w, https:\/\/promethee-partners.com\/wp-content\/uploads\/2023\/04\/impact-1536x1417.png 1536w, https:\/\/promethee-partners.com\/wp-content\/uploads\/2023\/04\/impact-1200x1107.png 1200w, https:\/\/promethee-partners.com\/wp-content\/uploads\/2023\/04\/impact.png 1604w\" sizes=\"(max-width: 480px) 85vw, 480px\" \/><figcaption class=\"wp-element-caption\">Impact et fr\u00e9quence d\u00e9finissent la criticit\u00e9 du risque.<\/figcaption><\/figure>\n\n\n\n<p><em>La situation est critique dans les zones orange et rouge qui se caract\u00e9risent par un effet combin\u00e9 de forte ou tr\u00e8s forte probabilit\u00e9 d\u2019occurrence accompagn\u00e9e d\u2019un fort voire tr\u00e8s fort impact.<\/em><\/p>\n<\/div>\n\n\n\n<hr class=\"wp-block-separator has-alpha-channel-opacity\"\/>\n\n\n\n<h2 class=\"wp-block-heading\">Autres th\u00e9matiques :<\/h2>\n\n\n\n<ul>\n<li><a href=\"https:\/\/promethee-partners.com\/index.php\/nos-services\/gestion-de-projets-en-ressources-humaines\/\" data-type=\"page\" data-id=\"25\">La gestion de projets<\/a><\/li>\n\n\n\n<li><a href=\"https:\/\/promethee-partners.com\/index.php\/nos-services\/sante-et-qualite-de-vie-au-travail\/\" data-type=\"page\" data-id=\"27\">Sant\u00e9 et qualit\u00e9 de vie au travail<\/a><\/li>\n\n\n\n<li><a href=\"https:\/\/promethee-partners.com\/index.php\/nos-services\/responsabilite-societale-des-entreprises\/\" data-type=\"page\" data-id=\"29\">Les responsabilit\u00e9s soci\u00e9tales des entreprises<\/a><\/li>\n\n\n\n<li><a href=\"https:\/\/promethee-partners.com\/index.php\/nos-services\/drh-de-transition-temps-partage\/\" data-type=\"page\" data-id=\"31\">DRH de transition &#8211; Temps partag\u00e9<\/a><\/li>\n<\/ul>\n","protected":false},"excerpt":{"rendered":"<p>C\u2019est le c\u0153ur de l\u2019expertise du cabinet. Sp\u00e9cialis\u00e9 dans le droit social, direction de transition, relations sociales, et management du changement, Prometh\u00e9e Partners accompagne les dirigeants du secteur de l\u2019Economie Sociale et M\u00e9dico-Sociale, dans la gestion des risques Ressources Humaines. Notre mission est d\u2019identifier les risques li\u00e9s aux Ressources Humaines, pour assister les managers, proposer &hellip; <a href=\"https:\/\/promethee-partners.com\/index.php\/nos-services\/gouvernance-et-prevention-des-risques-ressources-humaines\/\" class=\"more-link\">Continuer la lecture<span class=\"screen-reader-text\"> de &laquo;&nbsp;Gouvernance et gestion des risques Ressources Humaines&nbsp;&raquo;<\/span><\/a><\/p>\n","protected":false},"author":1,"featured_media":0,"parent":12,"menu_order":0,"comment_status":"closed","ping_status":"closed","template":"","meta":{"footnotes":""},"_links":{"self":[{"href":"https:\/\/promethee-partners.com\/index.php\/wp-json\/wp\/v2\/pages\/23"}],"collection":[{"href":"https:\/\/promethee-partners.com\/index.php\/wp-json\/wp\/v2\/pages"}],"about":[{"href":"https:\/\/promethee-partners.com\/index.php\/wp-json\/wp\/v2\/types\/page"}],"author":[{"embeddable":true,"href":"https:\/\/promethee-partners.com\/index.php\/wp-json\/wp\/v2\/users\/1"}],"replies":[{"embeddable":true,"href":"https:\/\/promethee-partners.com\/index.php\/wp-json\/wp\/v2\/comments?post=23"}],"version-history":[{"count":10,"href":"https:\/\/promethee-partners.com\/index.php\/wp-json\/wp\/v2\/pages\/23\/revisions"}],"predecessor-version":[{"id":198,"href":"https:\/\/promethee-partners.com\/index.php\/wp-json\/wp\/v2\/pages\/23\/revisions\/198"}],"up":[{"embeddable":true,"href":"https:\/\/promethee-partners.com\/index.php\/wp-json\/wp\/v2\/pages\/12"}],"wp:attachment":[{"href":"https:\/\/promethee-partners.com\/index.php\/wp-json\/wp\/v2\/media?parent=23"}],"curies":[{"name":"wp","href":"https:\/\/api.w.org\/{rel}","templated":true}]}}